{"id":579,"date":"2024-04-25T19:30:07","date_gmt":"2024-04-25T19:30:07","guid":{"rendered":"https:\/\/www.creativelab.hu\/?page_id=579"},"modified":"2024-04-25T19:38:34","modified_gmt":"2024-04-25T19:38:34","slug":"ginop_plusz-3-2-1-21","status":"publish","type":"page","link":"https:\/\/www.creativelab.hu\/hu\/ginop_plusz-3-2-1-21\/","title":{"rendered":"GINOP_Plusz-3.2.1-21"},"content":{"rendered":"<h6>A munkav\u00e1llal\u00f3k \u00e9s v\u00e1llalatok alkalmazkod\u00f3k\u00e9pess\u00e9g\u00e9nek \u00e9s termel\u00e9kenys\u00e9g\u00e9nek jav\u00edt\u00e1sa a munkaer\u0151 fejleszt\u00e9s\u00e9n kereszt\u00fcl t\u00f6rt\u00e9n\u0151 t\u00e1mogat\u00e1s\u00e1r\u00f3l<\/h6>\n<p><strong>Kedvezm\u00e9nyezett neve<\/strong>: Creative Labor Biotechnol\u00f3giai Kft.<\/p>\n<p><strong>K\u00e9pz\u00e9sek elnevez\u00e9se:<\/strong> Kommunik\u00e1ci\u00f3s tr\u00e9ning \u00e9s \u00d6n\u00e1ll\u00f3an haszn\u00e1lom az informatikai eszk\u00f6z\u00f6met IKER 2 sz\u00ednt\u0171 k\u00e9pz\u00e9s<\/p>\n<p><strong>Szerz\u0151d\u00f6tt t\u00e1mogat\u00e1s \u00f6sszege<\/strong>: 4\u00a0376 557 Ft<\/p>\n<p><strong>K\u00e9pz\u00e9sek r\u00e9szletes bemutat\u00e1sa<\/strong>: 8 f\u0151 munkav\u00e1llal\u00f3 vett r\u00e9szt \u00e9s ebb\u0151l 8 f\u0151 v\u00e9gezte el sikeresen a k\u00e9pz\u00e9seket. A Kommunik\u00e1ci\u00f3s tr\u00e9ning c\u00e9lja a szem\u00e9lyes hat\u00e9konys\u00e1g fejleszt\u00e9se, az \u00d6n\u00e1ll\u00f3an haszn\u00e1lom az informatikai eszk\u00f6z\u00f6met IKER 2 sz\u00ednt\u0171 k\u00e9pz\u00e9s pedig a digit\u00e1lis kulcskompetencia fejleszt\u00e9s\u00e9re ir\u00e1nyult.<\/p>\n<p><strong>K\u00e9pz\u00e9sek t\u00e9nyleges befejez\u00e9se<\/strong>: 2024.03.01<\/p>\n","protected":false},"excerpt":{"rendered":"<p>A munkav\u00e1llal\u00f3k \u00e9s v\u00e1llalatok alkalmazkod\u00f3k\u00e9pess\u00e9g\u00e9nek \u00e9s termel\u00e9kenys\u00e9g\u00e9nek jav\u00edt\u00e1sa a munkaer\u0151 fejleszt\u00e9s\u00e9n kereszt\u00fcl t\u00f6rt\u00e9n\u0151 t\u00e1mogat\u00e1s\u00e1r\u00f3l Kedvezm\u00e9nyezett neve: Creative Labor Biotechnol\u00f3giai Kft. [&hellip;]<\/p>\n","protected":false},"author":1,"featured_media":0,"parent":0,"menu_order":0,"comment_status":"closed","ping_status":"closed","template":"","meta":{"footnotes":""},"acf":[],"yoast_head":"<!-- This site is optimized with the Yoast SEO plugin v22.5 - https:\/\/yoast.com\/wordpress\/plugins\/seo\/ -->\n<title>GINOP_Plusz-3.2.1-21 - Creative Labor Kft.<\/title>\n<meta name=\"robots\" content=\"index, follow, max-snippet:-1, max-image-preview:large, max-video-preview:-1\" \/>\n<link rel=\"canonical\" href=\"https:\/\/www.creativelab.hu\/hu\/ginop_plusz-3-2-1-21\/\" \/>\n<meta property=\"og:locale\" content=\"hu_HU\" \/>\n<meta property=\"og:type\" content=\"article\" \/>\n<meta property=\"og:title\" content=\"GINOP_Plusz-3.2.1-21 - Creative Labor Kft.\" \/>\n<meta property=\"og:description\" content=\"A munkav\u00e1llal\u00f3k \u00e9s v\u00e1llalatok alkalmazkod\u00f3k\u00e9pess\u00e9g\u00e9nek \u00e9s termel\u00e9kenys\u00e9g\u00e9nek jav\u00edt\u00e1sa a munkaer\u0151 fejleszt\u00e9s\u00e9n kereszt\u00fcl t\u00f6rt\u00e9n\u0151 t\u00e1mogat\u00e1s\u00e1r\u00f3l Kedvezm\u00e9nyezett neve: Creative Labor Biotechnol\u00f3giai Kft. [&hellip;]\" \/>\n<meta property=\"og:url\" content=\"https:\/\/www.creativelab.hu\/hu\/ginop_plusz-3-2-1-21\/\" \/>\n<meta property=\"og:site_name\" content=\"Creative Labor Kft.\" \/>\n<meta property=\"article:modified_time\" content=\"2024-04-25T19:38:34+00:00\" \/>\n<meta name=\"twitter:card\" content=\"summary_large_image\" \/>\n<meta name=\"twitter:label1\" content=\"Becs\u00fclt olvas\u00e1si id\u0151\" \/>\n\t<meta name=\"twitter:data1\" content=\"1 perc\" \/>\n<script type=\"application\/ld+json\" class=\"yoast-schema-graph\">{\"@context\":\"https:\/\/schema.org\",\"@graph\":[{\"@type\":\"WebPage\",\"@id\":\"https:\/\/www.creativelab.hu\/hu\/ginop_plusz-3-2-1-21\/\",\"url\":\"https:\/\/www.creativelab.hu\/hu\/ginop_plusz-3-2-1-21\/\",\"name\":\"GINOP_Plusz-3.2.1-21 - Creative Labor Kft.\",\"isPartOf\":{\"@id\":\"https:\/\/www.creativelab.hu\/#website\"},\"datePublished\":\"2024-04-25T19:30:07+00:00\",\"dateModified\":\"2024-04-25T19:38:34+00:00\",\"breadcrumb\":{\"@id\":\"https:\/\/www.creativelab.hu\/hu\/ginop_plusz-3-2-1-21\/#breadcrumb\"},\"inLanguage\":\"hu\",\"potentialAction\":[{\"@type\":\"ReadAction\",\"target\":[\"https:\/\/www.creativelab.hu\/hu\/ginop_plusz-3-2-1-21\/\"]}]},{\"@type\":\"BreadcrumbList\",\"@id\":\"https:\/\/www.creativelab.hu\/hu\/ginop_plusz-3-2-1-21\/#breadcrumb\",\"itemListElement\":[{\"@type\":\"ListItem\",\"position\":1,\"name\":\"Home\",\"item\":\"https:\/\/www.creativelab.hu\/\"},{\"@type\":\"ListItem\",\"position\":2,\"name\":\"GINOP_Plusz-3.2.1-21\"}]},{\"@type\":\"WebSite\",\"@id\":\"https:\/\/www.creativelab.hu\/#website\",\"url\":\"https:\/\/www.creativelab.hu\/\",\"name\":\"Creative Labor Kft.\",\"description\":\"Just another WordPress site\",\"publisher\":{\"@id\":\"https:\/\/www.creativelab.hu\/#organization\"},\"potentialAction\":[{\"@type\":\"SearchAction\",\"target\":{\"@type\":\"EntryPoint\",\"urlTemplate\":\"https:\/\/www.creativelab.hu\/?s={search_term_string}\"},\"query-input\":\"required name=search_term_string\"}],\"inLanguage\":\"hu\"},{\"@type\":\"Organization\",\"@id\":\"https:\/\/www.creativelab.hu\/#organization\",\"name\":\"Creative Labor Kft.\",\"url\":\"https:\/\/www.creativelab.hu\/\",\"logo\":{\"@type\":\"ImageObject\",\"inLanguage\":\"hu\",\"@id\":\"https:\/\/www.creativelab.hu\/#\/schema\/logo\/image\/\",\"url\":\"https:\/\/creativelab.hu\/wp-content\/uploads\/2023\/07\/CL_logo-copy.jpg\",\"contentUrl\":\"https:\/\/creativelab.hu\/wp-content\/uploads\/2023\/07\/CL_logo-copy.jpg\",\"width\":798,\"height\":795,\"caption\":\"Creative Labor Kft.\"},\"image\":{\"@id\":\"https:\/\/www.creativelab.hu\/#\/schema\/logo\/image\/\"}}]}<\/script>\n<!-- \/ Yoast SEO plugin. -->","yoast_head_json":{"title":"GINOP_Plusz-3.2.1-21 - Creative Labor Kft.","robots":{"index":"index","follow":"follow","max-snippet":"max-snippet:-1","max-image-preview":"max-image-preview:large","max-video-preview":"max-video-preview:-1"},"canonical":"https:\/\/www.creativelab.hu\/hu\/ginop_plusz-3-2-1-21\/","og_locale":"hu_HU","og_type":"article","og_title":"GINOP_Plusz-3.2.1-21 - Creative Labor Kft.","og_description":"A munkav\u00e1llal\u00f3k \u00e9s v\u00e1llalatok alkalmazkod\u00f3k\u00e9pess\u00e9g\u00e9nek \u00e9s termel\u00e9kenys\u00e9g\u00e9nek jav\u00edt\u00e1sa a munkaer\u0151 fejleszt\u00e9s\u00e9n kereszt\u00fcl t\u00f6rt\u00e9n\u0151 t\u00e1mogat\u00e1s\u00e1r\u00f3l Kedvezm\u00e9nyezett neve: Creative Labor Biotechnol\u00f3giai Kft. [&hellip;]","og_url":"https:\/\/www.creativelab.hu\/hu\/ginop_plusz-3-2-1-21\/","og_site_name":"Creative Labor Kft.","article_modified_time":"2024-04-25T19:38:34+00:00","twitter_card":"summary_large_image","twitter_misc":{"Becs\u00fclt olvas\u00e1si id\u0151":"1 perc"},"schema":{"@context":"https:\/\/schema.org","@graph":[{"@type":"WebPage","@id":"https:\/\/www.creativelab.hu\/hu\/ginop_plusz-3-2-1-21\/","url":"https:\/\/www.creativelab.hu\/hu\/ginop_plusz-3-2-1-21\/","name":"GINOP_Plusz-3.2.1-21 - Creative Labor Kft.","isPartOf":{"@id":"https:\/\/www.creativelab.hu\/#website"},"datePublished":"2024-04-25T19:30:07+00:00","dateModified":"2024-04-25T19:38:34+00:00","breadcrumb":{"@id":"https:\/\/www.creativelab.hu\/hu\/ginop_plusz-3-2-1-21\/#breadcrumb"},"inLanguage":"hu","potentialAction":[{"@type":"ReadAction","target":["https:\/\/www.creativelab.hu\/hu\/ginop_plusz-3-2-1-21\/"]}]},{"@type":"BreadcrumbList","@id":"https:\/\/www.creativelab.hu\/hu\/ginop_plusz-3-2-1-21\/#breadcrumb","itemListElement":[{"@type":"ListItem","position":1,"name":"Home","item":"https:\/\/www.creativelab.hu\/"},{"@type":"ListItem","position":2,"name":"GINOP_Plusz-3.2.1-21"}]},{"@type":"WebSite","@id":"https:\/\/www.creativelab.hu\/#website","url":"https:\/\/www.creativelab.hu\/","name":"Creative Labor Kft.","description":"Just another WordPress site","publisher":{"@id":"https:\/\/www.creativelab.hu\/#organization"},"potentialAction":[{"@type":"SearchAction","target":{"@type":"EntryPoint","urlTemplate":"https:\/\/www.creativelab.hu\/?s={search_term_string}"},"query-input":"required name=search_term_string"}],"inLanguage":"hu"},{"@type":"Organization","@id":"https:\/\/www.creativelab.hu\/#organization","name":"Creative Labor Kft.","url":"https:\/\/www.creativelab.hu\/","logo":{"@type":"ImageObject","inLanguage":"hu","@id":"https:\/\/www.creativelab.hu\/#\/schema\/logo\/image\/","url":"https:\/\/creativelab.hu\/wp-content\/uploads\/2023\/07\/CL_logo-copy.jpg","contentUrl":"https:\/\/creativelab.hu\/wp-content\/uploads\/2023\/07\/CL_logo-copy.jpg","width":798,"height":795,"caption":"Creative Labor Kft."},"image":{"@id":"https:\/\/www.creativelab.hu\/#\/schema\/logo\/image\/"}}]}},"_links":{"self":[{"href":"https:\/\/www.creativelab.hu\/hu\/wp-json\/wp\/v2\/pages\/579"}],"collection":[{"href":"https:\/\/www.creativelab.hu\/hu\/wp-json\/wp\/v2\/pages"}],"about":[{"href":"https:\/\/www.creativelab.hu\/hu\/wp-json\/wp\/v2\/types\/page"}],"author":[{"embeddable":true,"href":"https:\/\/www.creativelab.hu\/hu\/wp-json\/wp\/v2\/users\/1"}],"replies":[{"embeddable":true,"href":"https:\/\/www.creativelab.hu\/hu\/wp-json\/wp\/v2\/comments?post=579"}],"version-history":[{"count":2,"href":"https:\/\/www.creativelab.hu\/hu\/wp-json\/wp\/v2\/pages\/579\/revisions"}],"predecessor-version":[{"id":583,"href":"https:\/\/www.creativelab.hu\/hu\/wp-json\/wp\/v2\/pages\/579\/revisions\/583"}],"wp:attachment":[{"href":"https:\/\/www.creativelab.hu\/hu\/wp-json\/wp\/v2\/media?parent=579"}],"curies":[{"name":"wp","href":"https:\/\/api.w.org\/{rel}","templated":true}]}}