{"id":51,"date":"2018-11-05T23:51:16","date_gmt":"2018-11-05T23:51:16","guid":{"rendered":"http:\/\/creativelab.hu\/?page_id=51"},"modified":"2019-06-13T09:01:57","modified_gmt":"2019-06-13T09:01:57","slug":"kutatas","status":"publish","type":"page","link":"https:\/\/www.creativelab.hu\/hu\/kutatas\/","title":{"rendered":"Kutat\u00e1s"},"content":{"rendered":"<p>Kutat\u00e1s<\/p>\n<p>&nbsp;<\/p>\n<p>Az elm\u00falt k\u00e9t \u00e9vtizedben \u00f3ri\u00e1si fejl\u0151d\u00e9s t\u00f6rt\u00e9nt a biol\u00f3gia \u00e9s az orvostudom\u00e1nyok ter\u00fclet\u00e9n, sajnos azonban t\u00fals\u00e1gosan hossz\u00fa ideig tart, am\u00edg\u00a0 az alapkutat\u00e1si eredm\u00e9nyek megjelennek a mindennapi haszn\u00e1latba. Emiatt rendk\u00edv\u00fcl fontos feladatunknak tartjuk azt, hogy az el\u00e9rhet\u0151 leg\u00fajabb tudom\u00e1nyos eredm\u00e9nyeket a mindennapi gyakorlatba \u00e1t\u00fcltess\u00fck!<\/p>\n<p>Azonban azt is bel\u00e1tjuk, hogy ez m\u00e9g \u00f6nmag\u00e1ban nem elegend\u0151, ez\u00e9rt folyamatosan figyelj\u00fck a legfrissebb kutat\u00e1si eredm\u00e9nyeket, adapt\u00e1lhat\u00f3 technol\u00f3gi\u00e1kat, \u00e9s megpr\u00f3b\u00e1ljuk el\u0151re l\u00e1tni a j\u00f6v\u0151 fejl\u0151d\u00e9si ir\u00e1nyait. \u00cdme n\u00e9h\u00e1ny \u00edg\u00e9retes kutat\u00e1si ter\u00fclet, amit a j\u00f6v\u0151beli biotechnol\u00f3gia \u00e9s az orvosi gyakorlat szempontj\u00e1b\u00f3l figyelemre m\u00e9lt\u00f3nak tartunk.<\/p>\n<p>&nbsp;<\/p>\n<p><strong>G\u00e9nter\u00e1pia<\/strong><\/p>\n<p>A g\u00e9nter\u00e1pia olyan technol\u00f3gia lesz a j\u00f6v\u0151ben, amellyel biztons\u00e1gosan \u00e9s hat\u00e9konyan lehet majd jav\u00edt\u00f3 g\u00e9neket a beteg sejtekbe juttatni. Jelent\u0151s m\u00faltra tekint vissza, mivel az els\u0151 k\u00eds\u00e9rlet 1980-ban t\u00f6rt\u00e9nt, de a korai klinikai k\u00eds\u00e9rletek sikertelens\u00e9ge hossz\u00fa id\u0151re megakasztotta a kutat\u00e1st. Az egyik kezelt p\u00e1ciens s\u00falyos immunreakci\u00f3 k\u00f6vetkezt\u00e9ben meghalt, \u00e9s mell\u00e9khat\u00e1sk\u00e9nt r\u00e1kos megbeteged\u00e9seket is megfigyeltek, ami a k\u00f6zv\u00e9lem\u00e9nyt elborzasztotta, \u00e9s visszavetette a kutat\u00e1sok t\u00e1mogat\u00e1s\u00e1t.<\/p>\n<p>2006 \u00f3ta azonban \u00fajra n\u00f6vekv\u0151 figyelem jellemzi a g\u00e9nter\u00e1pi\u00e1t. A m\u00f3dszerek sokkal biztons\u00e1gosabbak lettek, emiatt a kock\u00e1zati t\u0151ke befektet\u0151k, valamint nagy gy\u00f3gyszerc\u00e9gek is \u00fajra elkezdtek inveszt\u00e1lni. Ezt j\u00f3l mutatja az, hogy a g\u00e9nter\u00e1pi\u00e1s v\u00e1llalatok sz\u00e1ma 3,5-szeres\u00e9re n\u00f6vekedett az elm\u00falt n\u00e9gy \u00e9vben (69\u2013255; ARM adatok).<\/p>\n<p>Jelenleg t\u00falnyom\u00f3r\u00e9szt az onkol\u00f3gi\u00e1ban \u00e9s ritka betegs\u00e9gek kezel\u00e9s\u00e9re alkalmaznak g\u00e9nter\u00e1pi\u00e1t, az \u00f6sszes egy\u00e9b m\u00e1s betegs\u00e9g a kezel\u00e9sek k\u00f6r\u00fclbel\u00fcl egyharmad\u00e1t jelenti. A ter\u00e1pi\u00e1s g\u00e9nek bevitel\u00e9re a legt\u00f6bbsz\u00f6r virus-eredet\u0171 eszk\u00f6zt alkalmaznak (az esetek 2\/3-\u00e1ban). Ezen bel\u00fcl leggyakoribb az Adeno-asszoci\u00e1lt v\u00edrus (AAV), ezt k\u00f6veti a Lentivirus, Adenovirus, Retrovirus \u00e9s Vaccinia v\u00edrus.<\/p>\n<p>&nbsp;<\/p>\n<p>A rAAV-ok h\u00e1tr\u00e1nyai<\/p>\n<p>B\u00e1r az AAV-k kev\u00e9sb\u00e9 immunog\u00e9nek, mint m\u00e1s v\u00edrusok, a gazdaszervezet immunrendszer\u00e9nek k\u00fcl\u00f6nb\u00f6z\u0151 szintjeit k\u00e9pesek aktiv\u00e1lni. A legnagyobb neh\u00e9zs\u00e9g a hat\u00e9kony, de m\u00e9g nem-immunog\u00e9n d\u00f3zis megv\u00e1laszt\u00e1sa, mivel a betegek t\u00f6bbs\u00e9ge kor\u00e1bban m\u00e1r \u00e1tesett AAV-fert\u0151z\u00e9sen, \u00edgy a gazdaszervezet rendszerint m\u00e1r kifejlesztett valamilyen immunv\u00e1laszt az AAV v\u00edrusr\u00e9szecsk\u00e9kkel szemben. Egy m\u00e1sik h\u00e1tr\u00e1nya a bevihet\u0151 DNS maxim\u00e1lis m\u00e9rete, amely az AAV vektorokn\u00e1l 5 kb-ra korl\u00e1toz\u00f3dik.<\/p>\n<p>Az AAV-k egyessz\u00e1l\u00fa DNS-genommal rendelkeznek, \u00edgy a sejten bel\u00fcl el\u0151sz\u00f6r dsDNS-re kell \u00e1talak\u00edtani, \u00e9s az integr\u00e1ci\u00f3juk csak ezut\u00e1n t\u00f6rt\u00e9nik meg. A m\u00e1sodik sz\u00e1l szint\u00e9zise sor\u00e1n hib\u00e1k keletkezhetnek, amelyek nem hat\u00e9kony transzg\u00e9n expresszi\u00f3hoz vagy m\u00e1s probl\u00e9m\u00e1khoz vezethetnek. A v\u00edr\u00e1lis DNS gyakrabban integr\u00e1l\u00f3dik akt\u00edv g\u00e9nekbe, amely \u00f6nmag\u00e1ban is jelent\u0151s h\u00e1tr\u00e1ny \u00e9s vesz\u00e9lyforr\u00e1s. Ezen t\u00falmen\u0151en az integr\u00e1ci\u00f3kor \u00fan. nem homol\u00f3g v\u00e9gek \u00f6sszeilleszt\u00e9se (NHEJ) t\u00f6rt\u00e9nik, amely gyakran j\u00e1r egy\u00fctt kromosz\u00f3m\u00e1lis \u00e1trendez\u0151d\u00e9sekkel, a DNS nagyobb szegmenseinek del\u00e9ci\u00f3j\u00e1val.<\/p>\n<p>&nbsp;<\/p>\n<p>Teh\u00e1t a jelenleg haszn\u00e1lt legn\u00e9pszer\u0171bb vektor alapvet\u0151 h\u00e1tr\u00e1nyokkal rendelkezik, de a t\u00f6bbi eszk\u00f6z sem jobb. A v\u00edrus-eredet\u0171 eszk\u00f6z\u00f6k legnagyobb neh\u00e9zs\u00e9gei hasonl\u00f3ak: az immunogenit\u00e1s \u00e9s a citotoxicit\u00e1s, a korl\u00e1tozott sz\u00e1ll\u00edt\u00f3 kapacit\u00e1s \u00e9s az integr\u00e1ci\u00f3 miatti mutagenit\u00e1s.<\/p>\n<p>Nyilv\u00e1nval\u00f3, hogy a jelenlegi eszk\u00f6z\u00f6k messze vannak az ide\u00e1list\u00f3l, \u00e9s sokf\u00e9lek\u00e9ppen lehet ezeket tov\u00e1bbfejleszteni, illetve ak\u00e1r teljesen \u00faj megold\u00e1sokat megfontolni. \u00d3ri\u00e1si sz\u00fcks\u00e9g\u00a0 van egy hat\u00e9kony, de biztons\u00e1gos g\u00e9n-beviteli m\u00f3dszerre.<\/p>\n<p>&nbsp;<\/p>\n<p><strong>3D-s nyomtat\u00e1s (additiv gy\u00e1rt\u00e1s) biol\u00f3giailag kompatibilis m\u0171anyagokkal \u00e9s biol\u00f3gi\u00e1ban<\/strong><\/p>\n<p>&nbsp;<\/p>\n<p>A 3D nyomtat\u00e1s egy forradalmi technol\u00f3gia, amely m\u00e1r megjelent az orvostudom\u00e1nyban \u00e9s a biol\u00f3gi\u00e1ban. Az orvosi ter\u00fcleten a 3D nyomtat\u00e1snak n\u00e9gy f\u0151 felhaszn\u00e1l\u00e1si ter\u00fclete van, amelyek a leg\u00fajabb innov\u00e1ci\u00f3khoz kapcsol\u00f3dnak: sz\u00f6vetek \u00e9s organoidok, seb\u00e9szeti eszk\u00f6z\u00f6k, betegspecifikus seb\u00e9szeti modellek \u00e9s egyedi gy\u00e1rt\u00e1s\u00fa prot\u00e9zisek nyomtat\u00e1sa. N\u00e9h\u00e1ny \u00e9rdekes aktu\u00e1lis eredm\u00e9ny:<\/p>\n<p>&nbsp;<\/p>\n<p>Sz\u00f6vetek \u00e9s szervek nyomtat\u00e1sa<\/p>\n<p>Sz\u00f6vetek \u00e9p\u00edt\u00e9skor el\u0151sz\u00f6r egy v\u00e1zat kell fel\u00e9p\u00edteni, majd a sejteket erre a fel\u00fcletre helyezik. A 3D nyomtat\u00e1s haszn\u00e1lhat\u00f3 mind a v\u00e1z, mind a sejtek kijuttat\u00e1s\u00e1hoz. A bionyomtat\u00e1s lehet\u0151v\u00e9 teszi a nagy s\u0171r\u0171s\u00e9g\u0171 sejtek pontos elhelyez\u00e9s\u00e9t a k\u00edv\u00e1nt helyeken. Teh\u00e1t val\u00f3s sz\u00f6veteket lehet modellezni t\u00f6bbf\u00e9le sejt megfelel\u0151 strukt\u00far\u00e1kba val\u00f3 rendez\u00e9s\u00e9vel. P\u00e9ld\u00e1ul 3D nyomtat\u00e1ssal porcsz\u00f6vetet hoztak l\u00e9re, egy hidrog\u00e9l-v\u00e1zra chondrocit\u00e1kat r\u00e9tegezve. A jelenlegi kutat\u00e1sok b\u0151r nyomtat\u00e1s\u00e1val is foglalkoznak, ami \u00e9g\u00e9si s\u00e9r\u00fcltek kezel\u00e9s\u00e9n\u00e9l ny\u00fajthat seg\u00edts\u00e9get.<\/p>\n<p>&nbsp;<\/p>\n<p>Nyomtatott seb\u00e9szeti eszk\u00f6z\u00f6k<\/p>\n<p>Nem lehet teljes m\u00e9rt\u00e9kben megakad\u00e1lyozni a fert\u0151z\u0151 \u00e1gensek (p\u00e9ld\u00e1ul MRSA) seb\u00e9szeti eszk\u00f6z\u00f6kkel t\u00f6rt\u00e9n\u0151 \u00e1tvitel\u00e9t egyik p\u00e1ciensr\u0151l a m\u00e1sikra. A hagyom\u00e1nyos seb\u00e9szeti eszk\u00f6z\u00f6k viszont t\u00fal dr\u00e1g\u00e1k, hogy csak egyszer haszn\u00e1ljuk \u0151ket. A 3D nyomtatott t\u00e1rgyak ezzel szemben el\u00e9g olcs\u00f3ak, ez\u00e9rt egyszer-haszn\u00e1latosak is lehetnek, r\u00e1ad\u00e1sul a teljes \u00fajrahasznos\u00edt\u00e1suk is lehets\u00e9ges.<\/p>\n<p>&nbsp;<\/p>\n<p>V\u00e9lem\u00e9ny\u00fcnk szerint egy alapvet\u0151 v\u00e1ltoz\u00e1s kezdet\u00e9n vagyunk, egy val\u00f3di paradigmav\u00e1lt\u00e1s elej\u00e9n, amely az orvostudom\u00e1ny j\u00f6v\u0151j\u00e9t meg fogja hat\u00e1rozni. Komplex nanorendszereket \u00e9s nanog\u00e9peket fogunk haszn\u00e1lni orvosi c\u00e9lokra, egyedi laborat\u00f3riumi eszk\u00f6z\u00f6ket diagnosztikai c\u00e9lokra, intelligens seb\u00e9szeti eszk\u00f6z\u00f6ket \u00e9s nyomatott sz\u00f6veteket\/szerveket. Ehhez nagy sz\u00fcks\u00e9g van \u00faj biokompatibilis, biol\u00f3giailag leboml\u00f3, nem immunog\u00e9n anyagokra, intelligens kompozitok kifejleszt\u00e9s\u00e9re, \u00e9s a nagyobb<\/p>\n","protected":false},"excerpt":{"rendered":"<p>Kutat\u00e1s &nbsp; Az elm\u00falt k\u00e9t \u00e9vtizedben \u00f3ri\u00e1si fejl\u0151d\u00e9s t\u00f6rt\u00e9nt a biol\u00f3gia \u00e9s az orvostudom\u00e1nyok ter\u00fclet\u00e9n, sajnos azonban t\u00fals\u00e1gosan hossz\u00fa ideig [&hellip;]<\/p>\n","protected":false},"author":1,"featured_media":106,"parent":0,"menu_order":0,"comment_status":"closed","ping_status":"closed","template":"","meta":{"footnotes":""},"acf":[],"yoast_head":"<!-- This site is optimized with the Yoast SEO plugin v22.5 - https:\/\/yoast.com\/wordpress\/plugins\/seo\/ -->\n<title>Kutat\u00e1s - Creative Labor Kft.<\/title>\n<meta name=\"robots\" content=\"index, follow, max-snippet:-1, max-image-preview:large, max-video-preview:-1\" \/>\n<link rel=\"canonical\" href=\"https:\/\/www.creativelab.hu\/research\/\" \/>\n<meta property=\"og:locale\" content=\"hu_HU\" \/>\n<meta property=\"og:type\" content=\"article\" \/>\n<meta property=\"og:title\" content=\"Kutat\u00e1s - Creative Labor Kft.\" \/>\n<meta property=\"og:description\" content=\"Kutat\u00e1s &nbsp; Az elm\u00falt k\u00e9t \u00e9vtizedben \u00f3ri\u00e1si fejl\u0151d\u00e9s t\u00f6rt\u00e9nt a biol\u00f3gia \u00e9s az orvostudom\u00e1nyok ter\u00fclet\u00e9n, sajnos azonban t\u00fals\u00e1gosan hossz\u00fa ideig [&hellip;]\" \/>\n<meta property=\"og:url\" content=\"https:\/\/www.creativelab.hu\/research\/\" \/>\n<meta property=\"og:site_name\" content=\"Creative Labor Kft.\" \/>\n<meta property=\"article:modified_time\" content=\"2019-06-13T09:01:57+00:00\" \/>\n<meta property=\"og:image\" content=\"https:\/\/www.creativelab.hu\/wp-content\/uploads\/2018\/11\/cta1.jpg\" \/>\n\t<meta property=\"og:image:width\" content=\"778\" \/>\n\t<meta property=\"og:image:height\" content=\"518\" \/>\n\t<meta property=\"og:image:type\" content=\"image\/jpeg\" \/>\n<meta name=\"twitter:card\" content=\"summary_large_image\" \/>\n<meta name=\"twitter:label1\" content=\"Becs\u00fclt olvas\u00e1si id\u0151\" \/>\n\t<meta name=\"twitter:data1\" content=\"6 perc\" \/>\n<script type=\"application\/ld+json\" class=\"yoast-schema-graph\">{\"@context\":\"https:\/\/schema.org\",\"@graph\":[{\"@type\":\"WebPage\",\"@id\":\"https:\/\/www.creativelab.hu\/research\/\",\"url\":\"https:\/\/www.creativelab.hu\/research\/\",\"name\":\"Kutat\u00e1s - Creative Labor Kft.\",\"isPartOf\":{\"@id\":\"https:\/\/www.creativelab.hu\/#website\"},\"primaryImageOfPage\":{\"@id\":\"https:\/\/www.creativelab.hu\/research\/#primaryimage\"},\"image\":{\"@id\":\"https:\/\/www.creativelab.hu\/research\/#primaryimage\"},\"thumbnailUrl\":\"https:\/\/www.creativelab.hu\/wp-content\/uploads\/2018\/11\/cta1.jpg\",\"datePublished\":\"2018-11-05T23:51:16+00:00\",\"dateModified\":\"2019-06-13T09:01:57+00:00\",\"breadcrumb\":{\"@id\":\"https:\/\/www.creativelab.hu\/research\/#breadcrumb\"},\"inLanguage\":\"hu\",\"potentialAction\":[{\"@type\":\"ReadAction\",\"target\":[\"https:\/\/www.creativelab.hu\/research\/\"]}]},{\"@type\":\"ImageObject\",\"inLanguage\":\"hu\",\"@id\":\"https:\/\/www.creativelab.hu\/research\/#primaryimage\",\"url\":\"https:\/\/www.creativelab.hu\/wp-content\/uploads\/2018\/11\/cta1.jpg\",\"contentUrl\":\"https:\/\/www.creativelab.hu\/wp-content\/uploads\/2018\/11\/cta1.jpg\",\"width\":778,\"height\":518},{\"@type\":\"BreadcrumbList\",\"@id\":\"https:\/\/www.creativelab.hu\/research\/#breadcrumb\",\"itemListElement\":[{\"@type\":\"ListItem\",\"position\":1,\"name\":\"Home\",\"item\":\"https:\/\/www.creativelab.hu\/\"},{\"@type\":\"ListItem\",\"position\":2,\"name\":\"Kutat\u00e1s\"}]},{\"@type\":\"WebSite\",\"@id\":\"https:\/\/www.creativelab.hu\/#website\",\"url\":\"https:\/\/www.creativelab.hu\/\",\"name\":\"Creative Labor Kft.\",\"description\":\"Just another WordPress site\",\"publisher\":{\"@id\":\"https:\/\/www.creativelab.hu\/#organization\"},\"potentialAction\":[{\"@type\":\"SearchAction\",\"target\":{\"@type\":\"EntryPoint\",\"urlTemplate\":\"https:\/\/www.creativelab.hu\/?s={search_term_string}\"},\"query-input\":\"required name=search_term_string\"}],\"inLanguage\":\"hu\"},{\"@type\":\"Organization\",\"@id\":\"https:\/\/www.creativelab.hu\/#organization\",\"name\":\"Creative Labor Kft.\",\"url\":\"https:\/\/www.creativelab.hu\/\",\"logo\":{\"@type\":\"ImageObject\",\"inLanguage\":\"hu\",\"@id\":\"https:\/\/www.creativelab.hu\/#\/schema\/logo\/image\/\",\"url\":\"https:\/\/creativelab.hu\/wp-content\/uploads\/2023\/07\/CL_logo-copy.jpg\",\"contentUrl\":\"https:\/\/creativelab.hu\/wp-content\/uploads\/2023\/07\/CL_logo-copy.jpg\",\"width\":798,\"height\":795,\"caption\":\"Creative Labor Kft.\"},\"image\":{\"@id\":\"https:\/\/www.creativelab.hu\/#\/schema\/logo\/image\/\"}}]}<\/script>\n<!-- \/ Yoast SEO plugin. -->","yoast_head_json":{"title":"Kutat\u00e1s - Creative Labor Kft.","robots":{"index":"index","follow":"follow","max-snippet":"max-snippet:-1","max-image-preview":"max-image-preview:large","max-video-preview":"max-video-preview:-1"},"canonical":"https:\/\/www.creativelab.hu\/research\/","og_locale":"hu_HU","og_type":"article","og_title":"Kutat\u00e1s - Creative Labor Kft.","og_description":"Kutat\u00e1s &nbsp; Az elm\u00falt k\u00e9t \u00e9vtizedben \u00f3ri\u00e1si fejl\u0151d\u00e9s t\u00f6rt\u00e9nt a biol\u00f3gia \u00e9s az orvostudom\u00e1nyok ter\u00fclet\u00e9n, sajnos azonban t\u00fals\u00e1gosan hossz\u00fa ideig [&hellip;]","og_url":"https:\/\/www.creativelab.hu\/research\/","og_site_name":"Creative Labor Kft.","article_modified_time":"2019-06-13T09:01:57+00:00","og_image":[{"width":778,"height":518,"url":"https:\/\/www.creativelab.hu\/wp-content\/uploads\/2018\/11\/cta1.jpg","type":"image\/jpeg"}],"twitter_card":"summary_large_image","twitter_misc":{"Becs\u00fclt olvas\u00e1si id\u0151":"6 perc"},"schema":{"@context":"https:\/\/schema.org","@graph":[{"@type":"WebPage","@id":"https:\/\/www.creativelab.hu\/research\/","url":"https:\/\/www.creativelab.hu\/research\/","name":"Kutat\u00e1s - Creative Labor Kft.","isPartOf":{"@id":"https:\/\/www.creativelab.hu\/#website"},"primaryImageOfPage":{"@id":"https:\/\/www.creativelab.hu\/research\/#primaryimage"},"image":{"@id":"https:\/\/www.creativelab.hu\/research\/#primaryimage"},"thumbnailUrl":"https:\/\/www.creativelab.hu\/wp-content\/uploads\/2018\/11\/cta1.jpg","datePublished":"2018-11-05T23:51:16+00:00","dateModified":"2019-06-13T09:01:57+00:00","breadcrumb":{"@id":"https:\/\/www.creativelab.hu\/research\/#breadcrumb"},"inLanguage":"hu","potentialAction":[{"@type":"ReadAction","target":["https:\/\/www.creativelab.hu\/research\/"]}]},{"@type":"ImageObject","inLanguage":"hu","@id":"https:\/\/www.creativelab.hu\/research\/#primaryimage","url":"https:\/\/www.creativelab.hu\/wp-content\/uploads\/2018\/11\/cta1.jpg","contentUrl":"https:\/\/www.creativelab.hu\/wp-content\/uploads\/2018\/11\/cta1.jpg","width":778,"height":518},{"@type":"BreadcrumbList","@id":"https:\/\/www.creativelab.hu\/research\/#breadcrumb","itemListElement":[{"@type":"ListItem","position":1,"name":"Home","item":"https:\/\/www.creativelab.hu\/"},{"@type":"ListItem","position":2,"name":"Kutat\u00e1s"}]},{"@type":"WebSite","@id":"https:\/\/www.creativelab.hu\/#website","url":"https:\/\/www.creativelab.hu\/","name":"Creative Labor Kft.","description":"Just another WordPress site","publisher":{"@id":"https:\/\/www.creativelab.hu\/#organization"},"potentialAction":[{"@type":"SearchAction","target":{"@type":"EntryPoint","urlTemplate":"https:\/\/www.creativelab.hu\/?s={search_term_string}"},"query-input":"required name=search_term_string"}],"inLanguage":"hu"},{"@type":"Organization","@id":"https:\/\/www.creativelab.hu\/#organization","name":"Creative Labor Kft.","url":"https:\/\/www.creativelab.hu\/","logo":{"@type":"ImageObject","inLanguage":"hu","@id":"https:\/\/www.creativelab.hu\/#\/schema\/logo\/image\/","url":"https:\/\/creativelab.hu\/wp-content\/uploads\/2023\/07\/CL_logo-copy.jpg","contentUrl":"https:\/\/creativelab.hu\/wp-content\/uploads\/2023\/07\/CL_logo-copy.jpg","width":798,"height":795,"caption":"Creative Labor Kft."},"image":{"@id":"https:\/\/www.creativelab.hu\/#\/schema\/logo\/image\/"}}]}},"_links":{"self":[{"href":"https:\/\/www.creativelab.hu\/hu\/wp-json\/wp\/v2\/pages\/51"}],"collection":[{"href":"https:\/\/www.creativelab.hu\/hu\/wp-json\/wp\/v2\/pages"}],"about":[{"href":"https:\/\/www.creativelab.hu\/hu\/wp-json\/wp\/v2\/types\/page"}],"author":[{"embeddable":true,"href":"https:\/\/www.creativelab.hu\/hu\/wp-json\/wp\/v2\/users\/1"}],"replies":[{"embeddable":true,"href":"https:\/\/www.creativelab.hu\/hu\/wp-json\/wp\/v2\/comments?post=51"}],"version-history":[{"count":2,"href":"https:\/\/www.creativelab.hu\/hu\/wp-json\/wp\/v2\/pages\/51\/revisions"}],"predecessor-version":[{"id":371,"href":"https:\/\/www.creativelab.hu\/hu\/wp-json\/wp\/v2\/pages\/51\/revisions\/371"}],"wp:featuredmedia":[{"embeddable":true,"href":"https:\/\/www.creativelab.hu\/hu\/wp-json\/wp\/v2\/media\/106"}],"wp:attachment":[{"href":"https:\/\/www.creativelab.hu\/hu\/wp-json\/wp\/v2\/media?parent=51"}],"curies":[{"name":"wp","href":"https:\/\/api.w.org\/{rel}","templated":true}]}}