{"id":50,"date":"2018-11-05T23:51:12","date_gmt":"2018-11-05T23:51:12","guid":{"rendered":"http:\/\/creativelab.hu\/?page_id=50"},"modified":"2024-04-25T19:36:41","modified_gmt":"2024-04-25T19:36:41","slug":"promociok","status":"publish","type":"page","link":"https:\/\/www.creativelab.hu\/hu\/promociok\/","title":{"rendered":"P\u00e1ly\u00e1zatok"},"content":{"rendered":"<h5><a href=\"http:\/\/creativelab.hu\/hu\/kombinalt-mintaveteli-es-komplex-molekularis-es-citologiai-diagnosztikai-rendszer-prototipus-kifejlesztese\/\">GINOP-2.1.7-15-2016-00168<\/a><\/h5>\n<p>Kombin\u00e1lt mintav\u00e9teli- \u00e9s komplex molekul\u00e1ris- \u00e9s citol\u00f3giai diagnosztikai rendszer-protot\u00edpus kifejleszt\u00e9se<\/p>\n<h5><a href=\"http:\/\/creativelab.hu\/hu\/ipari-biotechnologiai-celokra-alkalmas-technologia-rendszer-prototipusanak-letrehozasa\/\">GINOP-2.1.2-8-1-4-16-2017-00319<\/a><\/h5>\n<p>Ipari biotechnol\u00f3giai c\u00e9lokra alkalmas technol\u00f3gia rendszer protot\u00edpus\u00e1nak l\u00e9trehoz\u00e1sa<\/p>\n<h5><a href=\"http:\/\/creativelab.hu\/hu\/kromatografias-berendezes-beszerzese-gyogyszer-es-diagnosztikai-celokra-eloallitott-feherjek-tisztitasahoz\/\">GINOP-1.2.8-20-2020-02199<\/a><\/h5>\n<p>Kromatogr\u00e1fi\u00e1s berendez\u00e9s beszerz\u00e9se gy\u00f3gyszer- \u00e9s diagnosztikai c\u00e9lokra el\u0151\u00e1ll\u00edtott feh\u00e9rj\u00e9k tiszt\u00edt\u00e1s\u00e1hoz<\/p>\n<h5><a href=\"http:\/\/creativelab.hu\/hu\/gyartasi-kapacitas-kialakitasa-a-covid19-jarvany-lekuzdesehez-szukseges-gyorsdiagnosztikai-eszkozokben-felhasznalt-feherje-termeszetu-reagensek-termelesehez\/\">GINOP-1.2.15-21-2021-00006<\/a><\/h5>\n<p>Gy\u00e1rt\u00e1si kapacit\u00e1s kialak\u00edt\u00e1sa a COVID19 j\u00e1rv\u00e1ny lek\u00fczd\u00e9s\u00e9hez sz\u00fcks\u00e9ges gyorsdiagnosztikai eszk\u00f6z\u00f6kben felhaszn\u00e1lt feh\u00e9rje-term\u00e9szet\u0171 reagensek termel\u00e9s\u00e9hez<\/p>\n<h5><a href=\"https:\/\/creativelab.hu\/hu\/gyartasi-kapacitas-fejlesztese-orvostechnikai-eszkozok-eloallitasahoz\/\">GINOP PLUSZ-1.2.2-22-2022-03171<\/a><\/h5>\n<p>Gy\u00e1rt\u00e1si kapacit\u00e1s fejleszt\u00e9se orvostechnikai eszk\u00f6z\u00f6k el\u0151\u00e1ll\u00edt\u00e1s\u00e1hoz<\/p>\n<h5><a href=\"https:\/\/www.creativelab.hu\/hu\/ginop_plusz-3-2-1-21\/\">GINOP_Plusz-3.2.1-21<\/a><\/h5>\n<p>A munkav\u00e1llal\u00f3k \u00e9s v\u00e1llalatok alkalmazkod\u00f3k\u00e9pess\u00e9g\u00e9nek \u00e9s termel\u00e9kenys\u00e9g\u00e9nek jav\u00edt\u00e1sa a munkaer\u0151 fejleszt\u00e9s\u00e9n kereszt\u00fcl t\u00f6rt\u00e9n\u0151 t\u00e1mogat\u00e1s\u00e1r\u00f3l<\/p>\n","protected":false},"excerpt":{"rendered":"<p>GINOP-2.1.7-15-2016-00168 Kombin\u00e1lt mintav\u00e9teli- \u00e9s komplex molekul\u00e1ris- \u00e9s citol\u00f3giai diagnosztikai rendszer-protot\u00edpus kifejleszt\u00e9se GINOP-2.1.2-8-1-4-16-2017-00319 Ipari biotechnol\u00f3giai c\u00e9lokra alkalmas technol\u00f3gia rendszer protot\u00edpus\u00e1nak l\u00e9trehoz\u00e1sa [&hellip;]<\/p>\n","protected":false},"author":1,"featured_media":120,"parent":0,"menu_order":0,"comment_status":"closed","ping_status":"closed","template":"","meta":{"footnotes":""},"acf":[],"yoast_head":"<!-- This site is optimized with the Yoast SEO plugin v22.5 - https:\/\/yoast.com\/wordpress\/plugins\/seo\/ -->\n<title>P\u00e1ly\u00e1zatok - Creative Labor Kft.<\/title>\n<meta name=\"robots\" content=\"index, follow, max-snippet:-1, max-image-preview:large, max-video-preview:-1\" \/>\n<link rel=\"canonical\" href=\"https:\/\/www.creativelab.hu\/hu\/promociok\/\" \/>\n<meta property=\"og:locale\" content=\"hu_HU\" \/>\n<meta property=\"og:type\" content=\"article\" \/>\n<meta property=\"og:title\" content=\"P\u00e1ly\u00e1zatok - Creative Labor Kft.\" \/>\n<meta property=\"og:description\" content=\"GINOP-2.1.7-15-2016-00168 Kombin\u00e1lt mintav\u00e9teli- \u00e9s komplex molekul\u00e1ris- \u00e9s citol\u00f3giai diagnosztikai rendszer-protot\u00edpus kifejleszt\u00e9se GINOP-2.1.2-8-1-4-16-2017-00319 Ipari biotechnol\u00f3giai c\u00e9lokra alkalmas technol\u00f3gia rendszer protot\u00edpus\u00e1nak l\u00e9trehoz\u00e1sa [&hellip;]\" \/>\n<meta property=\"og:url\" content=\"https:\/\/www.creativelab.hu\/hu\/promociok\/\" \/>\n<meta property=\"og:site_name\" content=\"Creative Labor Kft.\" \/>\n<meta property=\"article:modified_time\" content=\"2024-04-25T19:36:41+00:00\" \/>\n<meta property=\"og:image\" content=\"https:\/\/www.creativelab.hu\/wp-content\/uploads\/2018\/11\/slide3.jpg\" \/>\n\t<meta property=\"og:image:width\" content=\"2496\" \/>\n\t<meta property=\"og:image:height\" content=\"1418\" \/>\n\t<meta property=\"og:image:type\" content=\"image\/jpeg\" \/>\n<meta name=\"twitter:card\" content=\"summary_large_image\" \/>\n<meta name=\"twitter:label1\" content=\"Becs\u00fclt olvas\u00e1si id\u0151\" \/>\n\t<meta name=\"twitter:data1\" content=\"1 perc\" \/>\n<script type=\"application\/ld+json\" class=\"yoast-schema-graph\">{\"@context\":\"https:\/\/schema.org\",\"@graph\":[{\"@type\":\"WebPage\",\"@id\":\"https:\/\/www.creativelab.hu\/hu\/promociok\/\",\"url\":\"https:\/\/www.creativelab.hu\/hu\/promociok\/\",\"name\":\"P\u00e1ly\u00e1zatok - Creative Labor Kft.\",\"isPartOf\":{\"@id\":\"https:\/\/www.creativelab.hu\/#website\"},\"primaryImageOfPage\":{\"@id\":\"https:\/\/www.creativelab.hu\/hu\/promociok\/#primaryimage\"},\"image\":{\"@id\":\"https:\/\/www.creativelab.hu\/hu\/promociok\/#primaryimage\"},\"thumbnailUrl\":\"https:\/\/www.creativelab.hu\/wp-content\/uploads\/2018\/11\/slide3.jpg\",\"datePublished\":\"2018-11-05T23:51:12+00:00\",\"dateModified\":\"2024-04-25T19:36:41+00:00\",\"breadcrumb\":{\"@id\":\"https:\/\/www.creativelab.hu\/hu\/promociok\/#breadcrumb\"},\"inLanguage\":\"hu\",\"potentialAction\":[{\"@type\":\"ReadAction\",\"target\":[\"https:\/\/www.creativelab.hu\/hu\/promociok\/\"]}]},{\"@type\":\"ImageObject\",\"inLanguage\":\"hu\",\"@id\":\"https:\/\/www.creativelab.hu\/hu\/promociok\/#primaryimage\",\"url\":\"https:\/\/www.creativelab.hu\/wp-content\/uploads\/2018\/11\/slide3.jpg\",\"contentUrl\":\"https:\/\/www.creativelab.hu\/wp-content\/uploads\/2018\/11\/slide3.jpg\",\"width\":2496,\"height\":1418},{\"@type\":\"BreadcrumbList\",\"@id\":\"https:\/\/www.creativelab.hu\/hu\/promociok\/#breadcrumb\",\"itemListElement\":[{\"@type\":\"ListItem\",\"position\":1,\"name\":\"Home\",\"item\":\"https:\/\/www.creativelab.hu\/\"},{\"@type\":\"ListItem\",\"position\":2,\"name\":\"P\u00e1ly\u00e1zatok\"}]},{\"@type\":\"WebSite\",\"@id\":\"https:\/\/www.creativelab.hu\/#website\",\"url\":\"https:\/\/www.creativelab.hu\/\",\"name\":\"Creative Labor Kft.\",\"description\":\"Just another WordPress site\",\"publisher\":{\"@id\":\"https:\/\/www.creativelab.hu\/#organization\"},\"potentialAction\":[{\"@type\":\"SearchAction\",\"target\":{\"@type\":\"EntryPoint\",\"urlTemplate\":\"https:\/\/www.creativelab.hu\/?s={search_term_string}\"},\"query-input\":\"required name=search_term_string\"}],\"inLanguage\":\"hu\"},{\"@type\":\"Organization\",\"@id\":\"https:\/\/www.creativelab.hu\/#organization\",\"name\":\"Creative Labor Kft.\",\"url\":\"https:\/\/www.creativelab.hu\/\",\"logo\":{\"@type\":\"ImageObject\",\"inLanguage\":\"hu\",\"@id\":\"https:\/\/www.creativelab.hu\/#\/schema\/logo\/image\/\",\"url\":\"https:\/\/creativelab.hu\/wp-content\/uploads\/2023\/07\/CL_logo-copy.jpg\",\"contentUrl\":\"https:\/\/creativelab.hu\/wp-content\/uploads\/2023\/07\/CL_logo-copy.jpg\",\"width\":798,\"height\":795,\"caption\":\"Creative Labor Kft.\"},\"image\":{\"@id\":\"https:\/\/www.creativelab.hu\/#\/schema\/logo\/image\/\"}}]}<\/script>\n<!-- \/ Yoast SEO plugin. -->","yoast_head_json":{"title":"P\u00e1ly\u00e1zatok - Creative Labor Kft.","robots":{"index":"index","follow":"follow","max-snippet":"max-snippet:-1","max-image-preview":"max-image-preview:large","max-video-preview":"max-video-preview:-1"},"canonical":"https:\/\/www.creativelab.hu\/hu\/promociok\/","og_locale":"hu_HU","og_type":"article","og_title":"P\u00e1ly\u00e1zatok - Creative Labor Kft.","og_description":"GINOP-2.1.7-15-2016-00168 Kombin\u00e1lt mintav\u00e9teli- \u00e9s komplex molekul\u00e1ris- \u00e9s citol\u00f3giai diagnosztikai rendszer-protot\u00edpus kifejleszt\u00e9se GINOP-2.1.2-8-1-4-16-2017-00319 Ipari biotechnol\u00f3giai c\u00e9lokra alkalmas technol\u00f3gia rendszer protot\u00edpus\u00e1nak l\u00e9trehoz\u00e1sa [&hellip;]","og_url":"https:\/\/www.creativelab.hu\/hu\/promociok\/","og_site_name":"Creative Labor Kft.","article_modified_time":"2024-04-25T19:36:41+00:00","og_image":[{"width":2496,"height":1418,"url":"https:\/\/www.creativelab.hu\/wp-content\/uploads\/2018\/11\/slide3.jpg","type":"image\/jpeg"}],"twitter_card":"summary_large_image","twitter_misc":{"Becs\u00fclt olvas\u00e1si id\u0151":"1 perc"},"schema":{"@context":"https:\/\/schema.org","@graph":[{"@type":"WebPage","@id":"https:\/\/www.creativelab.hu\/hu\/promociok\/","url":"https:\/\/www.creativelab.hu\/hu\/promociok\/","name":"P\u00e1ly\u00e1zatok - Creative Labor Kft.","isPartOf":{"@id":"https:\/\/www.creativelab.hu\/#website"},"primaryImageOfPage":{"@id":"https:\/\/www.creativelab.hu\/hu\/promociok\/#primaryimage"},"image":{"@id":"https:\/\/www.creativelab.hu\/hu\/promociok\/#primaryimage"},"thumbnailUrl":"https:\/\/www.creativelab.hu\/wp-content\/uploads\/2018\/11\/slide3.jpg","datePublished":"2018-11-05T23:51:12+00:00","dateModified":"2024-04-25T19:36:41+00:00","breadcrumb":{"@id":"https:\/\/www.creativelab.hu\/hu\/promociok\/#breadcrumb"},"inLanguage":"hu","potentialAction":[{"@type":"ReadAction","target":["https:\/\/www.creativelab.hu\/hu\/promociok\/"]}]},{"@type":"ImageObject","inLanguage":"hu","@id":"https:\/\/www.creativelab.hu\/hu\/promociok\/#primaryimage","url":"https:\/\/www.creativelab.hu\/wp-content\/uploads\/2018\/11\/slide3.jpg","contentUrl":"https:\/\/www.creativelab.hu\/wp-content\/uploads\/2018\/11\/slide3.jpg","width":2496,"height":1418},{"@type":"BreadcrumbList","@id":"https:\/\/www.creativelab.hu\/hu\/promociok\/#breadcrumb","itemListElement":[{"@type":"ListItem","position":1,"name":"Home","item":"https:\/\/www.creativelab.hu\/"},{"@type":"ListItem","position":2,"name":"P\u00e1ly\u00e1zatok"}]},{"@type":"WebSite","@id":"https:\/\/www.creativelab.hu\/#website","url":"https:\/\/www.creativelab.hu\/","name":"Creative Labor Kft.","description":"Just another WordPress site","publisher":{"@id":"https:\/\/www.creativelab.hu\/#organization"},"potentialAction":[{"@type":"SearchAction","target":{"@type":"EntryPoint","urlTemplate":"https:\/\/www.creativelab.hu\/?s={search_term_string}"},"query-input":"required name=search_term_string"}],"inLanguage":"hu"},{"@type":"Organization","@id":"https:\/\/www.creativelab.hu\/#organization","name":"Creative Labor Kft.","url":"https:\/\/www.creativelab.hu\/","logo":{"@type":"ImageObject","inLanguage":"hu","@id":"https:\/\/www.creativelab.hu\/#\/schema\/logo\/image\/","url":"https:\/\/creativelab.hu\/wp-content\/uploads\/2023\/07\/CL_logo-copy.jpg","contentUrl":"https:\/\/creativelab.hu\/wp-content\/uploads\/2023\/07\/CL_logo-copy.jpg","width":798,"height":795,"caption":"Creative Labor Kft."},"image":{"@id":"https:\/\/www.creativelab.hu\/#\/schema\/logo\/image\/"}}]}},"_links":{"self":[{"href":"https:\/\/www.creativelab.hu\/hu\/wp-json\/wp\/v2\/pages\/50"}],"collection":[{"href":"https:\/\/www.creativelab.hu\/hu\/wp-json\/wp\/v2\/pages"}],"about":[{"href":"https:\/\/www.creativelab.hu\/hu\/wp-json\/wp\/v2\/types\/page"}],"author":[{"embeddable":true,"href":"https:\/\/www.creativelab.hu\/hu\/wp-json\/wp\/v2\/users\/1"}],"replies":[{"embeddable":true,"href":"https:\/\/www.creativelab.hu\/hu\/wp-json\/wp\/v2\/comments?post=50"}],"version-history":[{"count":22,"href":"https:\/\/www.creativelab.hu\/hu\/wp-json\/wp\/v2\/pages\/50\/revisions"}],"predecessor-version":[{"id":582,"href":"https:\/\/www.creativelab.hu\/hu\/wp-json\/wp\/v2\/pages\/50\/revisions\/582"}],"wp:featuredmedia":[{"embeddable":true,"href":"https:\/\/www.creativelab.hu\/hu\/wp-json\/wp\/v2\/media\/120"}],"wp:attachment":[{"href":"https:\/\/www.creativelab.hu\/hu\/wp-json\/wp\/v2\/media?parent=50"}],"curies":[{"name":"wp","href":"https:\/\/api.w.org\/{rel}","templated":true}]}}