{"id":38,"date":"2018-11-05T23:49:56","date_gmt":"2018-11-05T23:49:56","guid":{"rendered":"http:\/\/creativelab.hu\/?page_id=38"},"modified":"2019-06-11T11:01:55","modified_gmt":"2019-06-11T11:01:55","slug":"szolgaltatasok","status":"publish","type":"page","link":"https:\/\/www.creativelab.hu\/hu\/szolgaltatasok\/","title":{"rendered":"Szolg\u00e1ltat\u00e1sok"},"content":{"rendered":"<h2><strong>Szolg\u00e1ltat\u00e1sok<\/strong><\/h2>\n<p><strong>HPV diagnosztika<\/strong><\/p>\n<p><strong>K\u00fcl\u00f6nb\u00f6z\u0151 DNS konstrukci\u00f3k el\u0151\u00e1ll\u00edt\u00e1sa<\/strong><\/p>\n<p>25+ \u00e9vnyi tapasztalattal rendelkez\u00fcnk a k\u00fcl\u00f6nb\u00f6z\u0151 rekombin\u00e1ns technik\u00e1k ter\u00fclet\u00e9n. Egy\u00fctt fejl\u0151dt\u00fcnk \u00e9s saj\u00e1t\u00edtottuk el a k\u00fcl\u00f6nb\u00f6z\u0151 restrikci\u00f3s enzim, valamint PCR alap\u00fa kl\u00f3noz\u00f3 technik\u00e1kat, eg\u00e9szen a mai sz\u00ednvonalat jelent\u0151 technik\u00e1kig (pl. Gibson-assembly). A kl\u00f3noz\u00e1s a minden\u00fcnk! Ha sz\u00fcks\u00e9ge van b\u0151vebb inform\u00e1ci\u00f3ra, k\u00e9rem l\u00e9pjen vel\u00fcnk kapcsolatba az info@creativelab.hu e-mail c\u00edmen.<\/p>\n<p>We have a 25+ years of experience in recombinant techniques. We witnessed and mastered the classic restriction enzyme based cloning techniques and PCR-based methods, followed by the current waves like Gibson-assembly. We love cloning! If you are interested in more details please contact us at info(at)creativelab.hu address.<\/p>\n<p><b>Feh\u00e9rje termel\u00e9s \u00e9s tiszt\u00edt\u00e1s E.coli sejtb\u0151l.<\/b><\/p>\n<p>E.coli a legelterjedtebb<\/p>\n<p><em>E. coli<\/em>\u00a0is the most widely used expression host for heterologous protein expression. It is the best characterized organism and there are ample tools available for manipulation and efficient protein production. High protein yield can be cost-efficiently produced by\u00a0<em>E. coli<\/em>. Scale-up is significantly easier than in eukariotic expression hosts, however post-translational modifications are lacking.<\/p>\n<p>High expression levels often lead to insoluble protein producion. Studies show that less than 50 % of bacterial proteins and less than 15 % of non-bacterial proteins can expressed in soluble form. However, a number possible techniques and our experience can improve the outcome, and\u00a0<em>in vitro<\/em>\u00a0refolding is often successful to prepare active proteins. If you are interested in more details please contact us at info(at)creativelab.hu address.<\/p>\n<div class=\"wp-block-media-text alignwide\">\n<figure class=\"wp-block-media-text__media\"><img loading=\"lazy\" decoding=\"async\" width=\"1024\" height=\"683\" class=\"wp-image-245\" src=\"http:\/\/creativelab.hu\/wp-content\/uploads\/2019\/01\/IMG_0289-1024x683.jpg\" sizes=\"(max-width: 1024px) 100vw, 1024px\" srcset=\"http:\/\/creativelab.hu\/wp-content\/uploads\/2019\/01\/IMG_0289-1024x683.jpg 1024w, http:\/\/creativelab.hu\/wp-content\/uploads\/2019\/01\/IMG_0289-300x200.jpg 300w, http:\/\/creativelab.hu\/wp-content\/uploads\/2019\/01\/IMG_0289-768x512.jpg 768w, http:\/\/creativelab.hu\/wp-content\/uploads\/2019\/01\/IMG_0289-416x277.jpg 416w\" alt=\"\" \/><\/figure>\n<div class=\"wp-block-media-text__content\"><\/div>\n<\/div>\n<p><strong>Protein production and purification from CHO cells<\/strong><\/p>\n<p>Due to its attractive characteristics, Chinese Hamster Ovary (CHO) cells are\u00a0 biotechnology\u2019s workhorses. First of all, CHO cells are quite easily maintained and can grow to very high densities in suspension cultures and in large bioreactors. They produce correctly folded and post-translationally modified (e.g. glycosilated) proteins that show good compatibility and bioactivity in humans. Transgenes can be introduced and amplified efficiently in the CHO genome reaching high copy numbers of the gene of interest. The more than two decades of research enables the production of proteins with high yields even up to 5 g\/L.<\/p>\n<p>Despite the availability of numerous expression hosts, CHO cells have become the most important cell system for the biotechnological of pharmaceuticals. About 70% of all recombinant therapeutic proteins are produced in mammalian cell lines, and CHO is the dominant choice for antibody production. We offer a stable cell line production service in DG44 licensed from Dr. Lawrence\u00a0<em>Chasin.<\/em>\u00a0Our developped technology and kow-how enables the formation of\u00a0 high copy clones with decent protein expression levels. If you are interested in more details please contact us at info(at)creativelab.hu address.<\/p>\n<figure class=\"wp-block-image is-resized\"><img loading=\"lazy\" decoding=\"async\" class=\"wp-image-257\" src=\"http:\/\/creativelab.hu\/wp-content\/uploads\/2019\/01\/2018.09.18.9-4B-1213-1024x683.jpg\" sizes=\"(max-width: 419px) 100vw, 419px\" srcset=\"http:\/\/creativelab.hu\/wp-content\/uploads\/2019\/01\/2018.09.18.9-4B-1213-1024x683.jpg 1024w, http:\/\/creativelab.hu\/wp-content\/uploads\/2019\/01\/2018.09.18.9-4B-1213-300x200.jpg 300w, http:\/\/creativelab.hu\/wp-content\/uploads\/2019\/01\/2018.09.18.9-4B-1213-768x512.jpg 768w, http:\/\/creativelab.hu\/wp-content\/uploads\/2019\/01\/2018.09.18.9-4B-1213-416x277.jpg 416w\" alt=\"\" width=\"419\" height=\"279\" \/><\/figure>\n","protected":false},"excerpt":{"rendered":"<p>Szolg\u00e1ltat\u00e1sok HPV diagnosztika K\u00fcl\u00f6nb\u00f6z\u0151 DNS konstrukci\u00f3k el\u0151\u00e1ll\u00edt\u00e1sa 25+ \u00e9vnyi tapasztalattal rendelkez\u00fcnk a k\u00fcl\u00f6nb\u00f6z\u0151 rekombin\u00e1ns technik\u00e1k ter\u00fclet\u00e9n. Egy\u00fctt fejl\u0151dt\u00fcnk \u00e9s saj\u00e1t\u00edtottuk [&hellip;]<\/p>\n","protected":false},"author":1,"featured_media":0,"parent":0,"menu_order":0,"comment_status":"closed","ping_status":"closed","template":"","meta":{"footnotes":""},"acf":[],"yoast_head":"<!-- This site is optimized with the Yoast SEO plugin v22.5 - https:\/\/yoast.com\/wordpress\/plugins\/seo\/ -->\n<title>Szolg\u00e1ltat\u00e1sok - Creative Labor Kft.<\/title>\n<meta name=\"robots\" content=\"index, follow, max-snippet:-1, max-image-preview:large, max-video-preview:-1\" \/>\n<link rel=\"canonical\" href=\"https:\/\/www.creativelab.hu\/in-vitro-diagnostics\/\" \/>\n<meta property=\"og:locale\" content=\"hu_HU\" \/>\n<meta property=\"og:type\" content=\"article\" \/>\n<meta property=\"og:title\" content=\"Szolg\u00e1ltat\u00e1sok - Creative Labor Kft.\" \/>\n<meta property=\"og:description\" content=\"Szolg\u00e1ltat\u00e1sok HPV diagnosztika K\u00fcl\u00f6nb\u00f6z\u0151 DNS konstrukci\u00f3k el\u0151\u00e1ll\u00edt\u00e1sa 25+ \u00e9vnyi tapasztalattal rendelkez\u00fcnk a k\u00fcl\u00f6nb\u00f6z\u0151 rekombin\u00e1ns technik\u00e1k ter\u00fclet\u00e9n. Egy\u00fctt fejl\u0151dt\u00fcnk \u00e9s saj\u00e1t\u00edtottuk [&hellip;]\" \/>\n<meta property=\"og:url\" content=\"https:\/\/www.creativelab.hu\/in-vitro-diagnostics\/\" \/>\n<meta property=\"og:site_name\" content=\"Creative Labor Kft.\" \/>\n<meta property=\"article:modified_time\" content=\"2019-06-11T11:01:55+00:00\" \/>\n<meta property=\"og:image\" content=\"http:\/\/creativelab.hu\/wp-content\/uploads\/2019\/01\/IMG_0289-1024x683.jpg\" \/>\n<meta name=\"twitter:card\" content=\"summary_large_image\" \/>\n<meta name=\"twitter:label1\" content=\"Becs\u00fclt olvas\u00e1si id\u0151\" \/>\n\t<meta name=\"twitter:data1\" content=\"2 perc\" \/>\n<script type=\"application\/ld+json\" class=\"yoast-schema-graph\">{\"@context\":\"https:\/\/schema.org\",\"@graph\":[{\"@type\":\"WebPage\",\"@id\":\"https:\/\/www.creativelab.hu\/in-vitro-diagnostics\/\",\"url\":\"https:\/\/www.creativelab.hu\/in-vitro-diagnostics\/\",\"name\":\"Szolg\u00e1ltat\u00e1sok - Creative Labor Kft.\",\"isPartOf\":{\"@id\":\"https:\/\/www.creativelab.hu\/#website\"},\"primaryImageOfPage\":{\"@id\":\"https:\/\/www.creativelab.hu\/in-vitro-diagnostics\/#primaryimage\"},\"image\":{\"@id\":\"https:\/\/www.creativelab.hu\/in-vitro-diagnostics\/#primaryimage\"},\"thumbnailUrl\":\"http:\/\/creativelab.hu\/wp-content\/uploads\/2019\/01\/IMG_0289-1024x683.jpg\",\"datePublished\":\"2018-11-05T23:49:56+00:00\",\"dateModified\":\"2019-06-11T11:01:55+00:00\",\"breadcrumb\":{\"@id\":\"https:\/\/www.creativelab.hu\/in-vitro-diagnostics\/#breadcrumb\"},\"inLanguage\":\"hu\",\"potentialAction\":[{\"@type\":\"ReadAction\",\"target\":[\"https:\/\/www.creativelab.hu\/in-vitro-diagnostics\/\"]}]},{\"@type\":\"ImageObject\",\"inLanguage\":\"hu\",\"@id\":\"https:\/\/www.creativelab.hu\/in-vitro-diagnostics\/#primaryimage\",\"url\":\"http:\/\/creativelab.hu\/wp-content\/uploads\/2019\/01\/IMG_0289-1024x683.jpg\",\"contentUrl\":\"http:\/\/creativelab.hu\/wp-content\/uploads\/2019\/01\/IMG_0289-1024x683.jpg\"},{\"@type\":\"BreadcrumbList\",\"@id\":\"https:\/\/www.creativelab.hu\/in-vitro-diagnostics\/#breadcrumb\",\"itemListElement\":[{\"@type\":\"ListItem\",\"position\":1,\"name\":\"Home\",\"item\":\"https:\/\/www.creativelab.hu\/\"},{\"@type\":\"ListItem\",\"position\":2,\"name\":\"Szolg\u00e1ltat\u00e1sok\"}]},{\"@type\":\"WebSite\",\"@id\":\"https:\/\/www.creativelab.hu\/#website\",\"url\":\"https:\/\/www.creativelab.hu\/\",\"name\":\"Creative Labor Kft.\",\"description\":\"Just another WordPress site\",\"publisher\":{\"@id\":\"https:\/\/www.creativelab.hu\/#organization\"},\"potentialAction\":[{\"@type\":\"SearchAction\",\"target\":{\"@type\":\"EntryPoint\",\"urlTemplate\":\"https:\/\/www.creativelab.hu\/?s={search_term_string}\"},\"query-input\":\"required name=search_term_string\"}],\"inLanguage\":\"hu\"},{\"@type\":\"Organization\",\"@id\":\"https:\/\/www.creativelab.hu\/#organization\",\"name\":\"Creative Labor Kft.\",\"url\":\"https:\/\/www.creativelab.hu\/\",\"logo\":{\"@type\":\"ImageObject\",\"inLanguage\":\"hu\",\"@id\":\"https:\/\/www.creativelab.hu\/#\/schema\/logo\/image\/\",\"url\":\"https:\/\/creativelab.hu\/wp-content\/uploads\/2023\/07\/CL_logo-copy.jpg\",\"contentUrl\":\"https:\/\/creativelab.hu\/wp-content\/uploads\/2023\/07\/CL_logo-copy.jpg\",\"width\":798,\"height\":795,\"caption\":\"Creative Labor Kft.\"},\"image\":{\"@id\":\"https:\/\/www.creativelab.hu\/#\/schema\/logo\/image\/\"}}]}<\/script>\n<!-- \/ Yoast SEO plugin. -->","yoast_head_json":{"title":"Szolg\u00e1ltat\u00e1sok - Creative Labor Kft.","robots":{"index":"index","follow":"follow","max-snippet":"max-snippet:-1","max-image-preview":"max-image-preview:large","max-video-preview":"max-video-preview:-1"},"canonical":"https:\/\/www.creativelab.hu\/in-vitro-diagnostics\/","og_locale":"hu_HU","og_type":"article","og_title":"Szolg\u00e1ltat\u00e1sok - Creative Labor Kft.","og_description":"Szolg\u00e1ltat\u00e1sok HPV diagnosztika K\u00fcl\u00f6nb\u00f6z\u0151 DNS konstrukci\u00f3k el\u0151\u00e1ll\u00edt\u00e1sa 25+ \u00e9vnyi tapasztalattal rendelkez\u00fcnk a k\u00fcl\u00f6nb\u00f6z\u0151 rekombin\u00e1ns technik\u00e1k ter\u00fclet\u00e9n. Egy\u00fctt fejl\u0151dt\u00fcnk \u00e9s saj\u00e1t\u00edtottuk [&hellip;]","og_url":"https:\/\/www.creativelab.hu\/in-vitro-diagnostics\/","og_site_name":"Creative Labor Kft.","article_modified_time":"2019-06-11T11:01:55+00:00","og_image":[{"url":"http:\/\/creativelab.hu\/wp-content\/uploads\/2019\/01\/IMG_0289-1024x683.jpg"}],"twitter_card":"summary_large_image","twitter_misc":{"Becs\u00fclt olvas\u00e1si id\u0151":"2 perc"},"schema":{"@context":"https:\/\/schema.org","@graph":[{"@type":"WebPage","@id":"https:\/\/www.creativelab.hu\/in-vitro-diagnostics\/","url":"https:\/\/www.creativelab.hu\/in-vitro-diagnostics\/","name":"Szolg\u00e1ltat\u00e1sok - Creative Labor Kft.","isPartOf":{"@id":"https:\/\/www.creativelab.hu\/#website"},"primaryImageOfPage":{"@id":"https:\/\/www.creativelab.hu\/in-vitro-diagnostics\/#primaryimage"},"image":{"@id":"https:\/\/www.creativelab.hu\/in-vitro-diagnostics\/#primaryimage"},"thumbnailUrl":"http:\/\/creativelab.hu\/wp-content\/uploads\/2019\/01\/IMG_0289-1024x683.jpg","datePublished":"2018-11-05T23:49:56+00:00","dateModified":"2019-06-11T11:01:55+00:00","breadcrumb":{"@id":"https:\/\/www.creativelab.hu\/in-vitro-diagnostics\/#breadcrumb"},"inLanguage":"hu","potentialAction":[{"@type":"ReadAction","target":["https:\/\/www.creativelab.hu\/in-vitro-diagnostics\/"]}]},{"@type":"ImageObject","inLanguage":"hu","@id":"https:\/\/www.creativelab.hu\/in-vitro-diagnostics\/#primaryimage","url":"http:\/\/creativelab.hu\/wp-content\/uploads\/2019\/01\/IMG_0289-1024x683.jpg","contentUrl":"http:\/\/creativelab.hu\/wp-content\/uploads\/2019\/01\/IMG_0289-1024x683.jpg"},{"@type":"BreadcrumbList","@id":"https:\/\/www.creativelab.hu\/in-vitro-diagnostics\/#breadcrumb","itemListElement":[{"@type":"ListItem","position":1,"name":"Home","item":"https:\/\/www.creativelab.hu\/"},{"@type":"ListItem","position":2,"name":"Szolg\u00e1ltat\u00e1sok"}]},{"@type":"WebSite","@id":"https:\/\/www.creativelab.hu\/#website","url":"https:\/\/www.creativelab.hu\/","name":"Creative Labor Kft.","description":"Just another WordPress site","publisher":{"@id":"https:\/\/www.creativelab.hu\/#organization"},"potentialAction":[{"@type":"SearchAction","target":{"@type":"EntryPoint","urlTemplate":"https:\/\/www.creativelab.hu\/?s={search_term_string}"},"query-input":"required name=search_term_string"}],"inLanguage":"hu"},{"@type":"Organization","@id":"https:\/\/www.creativelab.hu\/#organization","name":"Creative Labor Kft.","url":"https:\/\/www.creativelab.hu\/","logo":{"@type":"ImageObject","inLanguage":"hu","@id":"https:\/\/www.creativelab.hu\/#\/schema\/logo\/image\/","url":"https:\/\/creativelab.hu\/wp-content\/uploads\/2023\/07\/CL_logo-copy.jpg","contentUrl":"https:\/\/creativelab.hu\/wp-content\/uploads\/2023\/07\/CL_logo-copy.jpg","width":798,"height":795,"caption":"Creative Labor Kft."},"image":{"@id":"https:\/\/www.creativelab.hu\/#\/schema\/logo\/image\/"}}]}},"_links":{"self":[{"href":"https:\/\/www.creativelab.hu\/hu\/wp-json\/wp\/v2\/pages\/38"}],"collection":[{"href":"https:\/\/www.creativelab.hu\/hu\/wp-json\/wp\/v2\/pages"}],"about":[{"href":"https:\/\/www.creativelab.hu\/hu\/wp-json\/wp\/v2\/types\/page"}],"author":[{"embeddable":true,"href":"https:\/\/www.creativelab.hu\/hu\/wp-json\/wp\/v2\/users\/1"}],"replies":[{"embeddable":true,"href":"https:\/\/www.creativelab.hu\/hu\/wp-json\/wp\/v2\/comments?post=38"}],"version-history":[{"count":3,"href":"https:\/\/www.creativelab.hu\/hu\/wp-json\/wp\/v2\/pages\/38\/revisions"}],"predecessor-version":[{"id":328,"href":"https:\/\/www.creativelab.hu\/hu\/wp-json\/wp\/v2\/pages\/38\/revisions\/328"}],"wp:attachment":[{"href":"https:\/\/www.creativelab.hu\/hu\/wp-json\/wp\/v2\/media?parent=38"}],"curies":[{"name":"wp","href":"https:\/\/api.w.org\/{rel}","templated":true}]}}