{"id":29,"date":"2018-11-05T23:47:34","date_gmt":"2018-11-05T23:47:34","guid":{"rendered":"http:\/\/creativelab.hu\/?page_id=29"},"modified":"2019-06-13T07:59:46","modified_gmt":"2019-06-13T07:59:46","slug":"rolunk","status":"publish","type":"page","link":"https:\/\/www.creativelab.hu\/hu\/rolunk\/","title":{"rendered":"R\u00f3lunk"},"content":{"rendered":"<div class=\"title\">\n<h3>Creative Labor Kft.<\/h3>\n<\/div>\n<p>C\u00e9g\u00fcnk biotechnol\u00f3giai kutat\u00e1s-fejleszt\u00e9si v\u00e1llalkoz\u00e1s, amely 1993-ban j\u00f6tt l\u00e9tre. Saj\u00e1t \u00e9s kooper\u00e1ci\u00f3s kutat\u00e1sokat v\u00e9gez az \u00e9lettudom\u00e1nyok ter\u00fclet\u00e9n.<\/p>\n<p><u>C\u00c9LKIT\u0170Z\u00c9S\u00dcNK:<\/u><br \/>\nKreat\u00edv \u00f6tletek felhaszn\u00e1l\u00e1s\u00e1val egyedi megold\u00e1sok kidolgoz\u00e1sa, amely hozz\u00e1j\u00e1rul \u00faj gy\u00f3gyszerek \u00e9s technol\u00f3gi\u00e1k l\u00e9trehoz\u00e1s\u00e1hoz.<\/p>\n<p>Munkat\u00e1rsaink:<\/p>\n<p><u>MUNKAT\u00c1RSAK:<\/u><\/p>\n<p><b>Dr. Tubak Vilmos<\/b>\u00a0&#8211; PhD, tudom\u00e1nyos igazgat\u00f3<\/p>\n<p>E-mail: vilmos.tubak@creativelab.hu<\/p>\n<p>&nbsp;<\/p>\n<p><b>Tubakn\u00e9 Simon Edit<\/b>\u00a0&#8211; \u00fcgyvezet\u0151, p\u00e9nz\u00fcgyi igazgat\u00f3<\/p>\n<p>edit.simon@creativelab.hu<\/p>\n<p><b>Szvetnik Attila<\/b>\u00a0&#8211; PhD, szenior biol\u00f3gus munkat\u00e1rs<\/p>\n<p>attila.szvetnik@creativelab.hu<\/p>\n<p><img loading=\"lazy\" decoding=\"async\" class=\"alignleft wp-image-340 size-medium\" src=\"http:\/\/creativelab.hu\/wp-content\/uploads\/2019\/06\/IMG_2130v2-300x287.jpg\" alt=\"\" width=\"300\" height=\"287\" srcset=\"https:\/\/www.creativelab.hu\/wp-content\/uploads\/2019\/06\/IMG_2130v2-300x287.jpg 300w, https:\/\/www.creativelab.hu\/wp-content\/uploads\/2019\/06\/IMG_2130v2-768x735.jpg 768w, https:\/\/www.creativelab.hu\/wp-content\/uploads\/2019\/06\/IMG_2130v2-1024x980.jpg 1024w, https:\/\/www.creativelab.hu\/wp-content\/uploads\/2019\/06\/IMG_2130v2-416x398.jpg 416w, https:\/\/www.creativelab.hu\/wp-content\/uploads\/2019\/06\/IMG_2130v2.jpg 1957w\" sizes=\"(max-width: 300px) 100vw, 300px\" \/><\/p>\n<p>&nbsp;<\/p>\n<p>&nbsp;<\/p>\n<p>&nbsp;<\/p>\n<p>&nbsp;<\/p>\n<p>&nbsp;<\/p>\n<p>&nbsp;<\/p>\n<p>&nbsp;<\/p>\n<p>&nbsp;<\/p>\n<p>&nbsp;<\/p>\n<p>2001-ben molekul\u00e1ris biol\u00f3gusk\u00e9nt (biotechnol\u00f3gia specializ\u00e1ci\u00f3val) v\u00e9geztem a Szegedi Tudom\u00e1nyegyetemen. Ezt k\u00f6vet\u0151en a Bay Zolt\u00e1n Alkalmazott Kutat\u00e1si Alap\u00edtv\u00e1ny munkat\u00e1rsa lettem, mint doktori hallgat\u00f3 \u00e9s k\u00e9s\u0151bb kutat\u00f3. Sokf\u00e9le projektben vettem r\u00e9szt, amelyekben k\u00fcl\u00f6nb\u00f6z\u0151 g\u00e9nek kl\u00f3noz\u00e1s\u00e1t, feh\u00e9rj\u00e9k termeltet\u00e9s\u00e9t, bioremedi\u00e1ci\u00f3hoz kapcsol\u00f3d\u00f3 diagnosztikai feladatokat \u00e9s alapkutat\u00e1st v\u00e9geztem. K\u00e9s\u0151bb, posztdoktori munkat\u00e1rsak\u00e9nt a Max Delbruck Int\u00e9zetben (Berlin-Buch) csatlakoztam a Mobil DNS-csoporthoz (2012-2017), \u00e9s r\u00e9szt vehettem ugr\u00e1l\u00f3 genetikai elemek kutat\u00e1s\u00e1ban, ahol kieg\u00e9sz\u00edtettem az addigi tapasztalataimat eml\u0151s-sejtbiol\u00f3giai \u00e9s sejtkult\u00far\u00e1s ismeretekkel \u00e9s m\u00f3dszerekkel. Nemr\u00e9g csatlakoztam (2018) a Creative Labor Kft.-hez vezet\u0151 kutat\u00f3k\u00e9nt.<\/p>\n<p>&nbsp;<\/p>\n<p><b>S\u00e1ri T\u00f3bi\u00e1s<\/b>\u00a0&#8211; MSc biol\u00f3gus munkat\u00e1rs<\/p>\n<p>tobias.sari@creativelab.hu<\/p>\n<p><img loading=\"lazy\" decoding=\"async\" class=\"wp-image-342 size-medium alignleft\" src=\"http:\/\/creativelab.hu\/wp-content\/uploads\/2019\/06\/IMG_2128v2-300x269.jpg\" alt=\"\" width=\"300\" height=\"269\" srcset=\"https:\/\/www.creativelab.hu\/wp-content\/uploads\/2019\/06\/IMG_2128v2-300x269.jpg 300w, https:\/\/www.creativelab.hu\/wp-content\/uploads\/2019\/06\/IMG_2128v2-416x374.jpg 416w, https:\/\/www.creativelab.hu\/wp-content\/uploads\/2019\/06\/IMG_2128v2.jpg 530w\" sizes=\"(max-width: 300px) 100vw, 300px\" \/><\/p>\n<p>&nbsp;<\/p>\n<p>&nbsp;<\/p>\n<p>&nbsp;<\/p>\n<p>&nbsp;<\/p>\n<p>&nbsp;<\/p>\n<p>&nbsp;<\/p>\n<p>&nbsp;<\/p>\n<p>&nbsp;<\/p>\n<p>&nbsp;<\/p>\n<p><strong>Tubak Tam\u00e1s\u00a0<\/strong>&#8211; K\u00f6rnyezetkutat\u00f3 munkat\u00e1rs<\/p>\n<p><img loading=\"lazy\" decoding=\"async\" class=\"alignleft wp-image-344 size-medium\" src=\"http:\/\/creativelab.hu\/wp-content\/uploads\/2019\/06\/IMG_2131v2-279x300.jpg\" alt=\"\" width=\"279\" height=\"300\" srcset=\"https:\/\/www.creativelab.hu\/wp-content\/uploads\/2019\/06\/IMG_2131v2-279x300.jpg 279w, https:\/\/www.creativelab.hu\/wp-content\/uploads\/2019\/06\/IMG_2131v2-768x827.jpg 768w, https:\/\/www.creativelab.hu\/wp-content\/uploads\/2019\/06\/IMG_2131v2-951x1024.jpg 951w, https:\/\/www.creativelab.hu\/wp-content\/uploads\/2019\/06\/IMG_2131v2-416x448.jpg 416w\" sizes=\"(max-width: 279px) 100vw, 279px\" \/><\/p>\n<p>&nbsp;<\/p>\n<p>&nbsp;<\/p>\n<p>&nbsp;<\/p>\n<p>&nbsp;<\/p>\n<p>&nbsp;<\/p>\n<p>&nbsp;<\/p>\n<p>&nbsp;<\/p>\n<p>&nbsp;<\/p>\n<p>&nbsp;<\/p>\n<p>&nbsp;<\/p>\n<p><strong>Keres\u0151 Judit <\/strong>&#8211; Labor\u00e1ns munkat\u00e1rs<\/p>\n<p>&nbsp;<\/p>\n<p><strong>Tubak Gergely\u00a0<\/strong>&#8211; Labor\u00e1ns munkat\u00e1rs<\/p>\n<p>gergely.tubak@creativelab.hu<\/p>\n<p><img loading=\"lazy\" decoding=\"async\" class=\"alignleft wp-image-346 size-medium\" src=\"http:\/\/creativelab.hu\/wp-content\/uploads\/2019\/06\/IMG_2133v2-262x300.jpg\" alt=\"\" width=\"262\" height=\"300\" srcset=\"https:\/\/www.creativelab.hu\/wp-content\/uploads\/2019\/06\/IMG_2133v2-262x300.jpg 262w, https:\/\/www.creativelab.hu\/wp-content\/uploads\/2019\/06\/IMG_2133v2-768x878.jpg 768w, https:\/\/www.creativelab.hu\/wp-content\/uploads\/2019\/06\/IMG_2133v2-895x1024.jpg 895w, https:\/\/www.creativelab.hu\/wp-content\/uploads\/2019\/06\/IMG_2133v2-416x476.jpg 416w\" sizes=\"(max-width: 262px) 100vw, 262px\" \/><\/p>\n<p>&nbsp;<\/p>\n<p>&nbsp;<\/p>\n<p>&nbsp;<\/p>\n<p>&nbsp;<\/p>\n<p>&nbsp;<\/p>\n<p>&nbsp;<\/p>\n<p>&nbsp;<\/p>\n<p>&nbsp;<\/p>\n<p>&nbsp;<\/p>\n<p><u>K\u00dcLS\u0150 MUNKAT\u00c1RSAK:<\/u><\/p>\n<p><b>Dr. Somogyv\u00e1ri Ferenc<\/b>\u00a0&#8211; biol\u00f3gus, klinikai orvos, PhD ferenc.somogyvari[kukac]creativelab.hu<\/p>\n","protected":false},"excerpt":{"rendered":"<p>Creative Labor Kft. C\u00e9g\u00fcnk biotechnol\u00f3giai kutat\u00e1s-fejleszt\u00e9si v\u00e1llalkoz\u00e1s, amely 1993-ban j\u00f6tt l\u00e9tre. Saj\u00e1t \u00e9s kooper\u00e1ci\u00f3s kutat\u00e1sokat v\u00e9gez az \u00e9lettudom\u00e1nyok ter\u00fclet\u00e9n. C\u00c9LKIT\u0170Z\u00c9S\u00dcNK: [&hellip;]<\/p>\n","protected":false},"author":1,"featured_media":108,"parent":0,"menu_order":0,"comment_status":"closed","ping_status":"closed","template":"","meta":{"footnotes":""},"acf":[],"yoast_head":"<!-- This site is optimized with the Yoast SEO plugin v22.5 - https:\/\/yoast.com\/wordpress\/plugins\/seo\/ -->\n<title>R\u00f3lunk - Creative Labor Kft.<\/title>\n<meta name=\"robots\" content=\"index, follow, max-snippet:-1, max-image-preview:large, max-video-preview:-1\" \/>\n<link rel=\"canonical\" href=\"https:\/\/www.creativelab.hu\/about\/\" \/>\n<meta property=\"og:locale\" content=\"hu_HU\" \/>\n<meta property=\"og:type\" content=\"article\" \/>\n<meta property=\"og:title\" content=\"R\u00f3lunk - Creative Labor Kft.\" \/>\n<meta property=\"og:description\" content=\"Creative Labor Kft. C\u00e9g\u00fcnk biotechnol\u00f3giai kutat\u00e1s-fejleszt\u00e9si v\u00e1llalkoz\u00e1s, amely 1993-ban j\u00f6tt l\u00e9tre. Saj\u00e1t \u00e9s kooper\u00e1ci\u00f3s kutat\u00e1sokat v\u00e9gez az \u00e9lettudom\u00e1nyok ter\u00fclet\u00e9n. C\u00c9LKIT\u0170Z\u00c9S\u00dcNK: [&hellip;]\" \/>\n<meta property=\"og:url\" content=\"https:\/\/www.creativelab.hu\/about\/\" \/>\n<meta property=\"og:site_name\" content=\"Creative Labor Kft.\" \/>\n<meta property=\"article:modified_time\" content=\"2019-06-13T07:59:46+00:00\" \/>\n<meta property=\"og:image\" content=\"https:\/\/www.creativelab.hu\/wp-content\/uploads\/2018\/11\/pic1.jpg\" \/>\n\t<meta property=\"og:image:width\" content=\"774\" \/>\n\t<meta property=\"og:image:height\" content=\"516\" \/>\n\t<meta property=\"og:image:type\" content=\"image\/jpeg\" \/>\n<meta name=\"twitter:card\" content=\"summary_large_image\" \/>\n<meta name=\"twitter:label1\" content=\"Becs\u00fclt olvas\u00e1si id\u0151\" \/>\n\t<meta name=\"twitter:data1\" content=\"2 perc\" \/>\n<script type=\"application\/ld+json\" class=\"yoast-schema-graph\">{\"@context\":\"https:\/\/schema.org\",\"@graph\":[{\"@type\":\"WebPage\",\"@id\":\"https:\/\/www.creativelab.hu\/about\/\",\"url\":\"https:\/\/www.creativelab.hu\/about\/\",\"name\":\"R\u00f3lunk - Creative Labor Kft.\",\"isPartOf\":{\"@id\":\"https:\/\/www.creativelab.hu\/#website\"},\"primaryImageOfPage\":{\"@id\":\"https:\/\/www.creativelab.hu\/about\/#primaryimage\"},\"image\":{\"@id\":\"https:\/\/www.creativelab.hu\/about\/#primaryimage\"},\"thumbnailUrl\":\"https:\/\/www.creativelab.hu\/wp-content\/uploads\/2018\/11\/pic1.jpg\",\"datePublished\":\"2018-11-05T23:47:34+00:00\",\"dateModified\":\"2019-06-13T07:59:46+00:00\",\"breadcrumb\":{\"@id\":\"https:\/\/www.creativelab.hu\/about\/#breadcrumb\"},\"inLanguage\":\"hu\",\"potentialAction\":[{\"@type\":\"ReadAction\",\"target\":[\"https:\/\/www.creativelab.hu\/about\/\"]}]},{\"@type\":\"ImageObject\",\"inLanguage\":\"hu\",\"@id\":\"https:\/\/www.creativelab.hu\/about\/#primaryimage\",\"url\":\"https:\/\/www.creativelab.hu\/wp-content\/uploads\/2018\/11\/pic1.jpg\",\"contentUrl\":\"https:\/\/www.creativelab.hu\/wp-content\/uploads\/2018\/11\/pic1.jpg\",\"width\":774,\"height\":516},{\"@type\":\"BreadcrumbList\",\"@id\":\"https:\/\/www.creativelab.hu\/about\/#breadcrumb\",\"itemListElement\":[{\"@type\":\"ListItem\",\"position\":1,\"name\":\"Home\",\"item\":\"https:\/\/www.creativelab.hu\/\"},{\"@type\":\"ListItem\",\"position\":2,\"name\":\"R\u00f3lunk\"}]},{\"@type\":\"WebSite\",\"@id\":\"https:\/\/www.creativelab.hu\/#website\",\"url\":\"https:\/\/www.creativelab.hu\/\",\"name\":\"Creative Labor Kft.\",\"description\":\"Just another WordPress site\",\"publisher\":{\"@id\":\"https:\/\/www.creativelab.hu\/#organization\"},\"potentialAction\":[{\"@type\":\"SearchAction\",\"target\":{\"@type\":\"EntryPoint\",\"urlTemplate\":\"https:\/\/www.creativelab.hu\/?s={search_term_string}\"},\"query-input\":\"required name=search_term_string\"}],\"inLanguage\":\"hu\"},{\"@type\":\"Organization\",\"@id\":\"https:\/\/www.creativelab.hu\/#organization\",\"name\":\"Creative Labor Kft.\",\"url\":\"https:\/\/www.creativelab.hu\/\",\"logo\":{\"@type\":\"ImageObject\",\"inLanguage\":\"hu\",\"@id\":\"https:\/\/www.creativelab.hu\/#\/schema\/logo\/image\/\",\"url\":\"https:\/\/creativelab.hu\/wp-content\/uploads\/2023\/07\/CL_logo-copy.jpg\",\"contentUrl\":\"https:\/\/creativelab.hu\/wp-content\/uploads\/2023\/07\/CL_logo-copy.jpg\",\"width\":798,\"height\":795,\"caption\":\"Creative Labor Kft.\"},\"image\":{\"@id\":\"https:\/\/www.creativelab.hu\/#\/schema\/logo\/image\/\"}}]}<\/script>\n<!-- \/ Yoast SEO plugin. -->","yoast_head_json":{"title":"R\u00f3lunk - Creative Labor Kft.","robots":{"index":"index","follow":"follow","max-snippet":"max-snippet:-1","max-image-preview":"max-image-preview:large","max-video-preview":"max-video-preview:-1"},"canonical":"https:\/\/www.creativelab.hu\/about\/","og_locale":"hu_HU","og_type":"article","og_title":"R\u00f3lunk - Creative Labor Kft.","og_description":"Creative Labor Kft. C\u00e9g\u00fcnk biotechnol\u00f3giai kutat\u00e1s-fejleszt\u00e9si v\u00e1llalkoz\u00e1s, amely 1993-ban j\u00f6tt l\u00e9tre. Saj\u00e1t \u00e9s kooper\u00e1ci\u00f3s kutat\u00e1sokat v\u00e9gez az \u00e9lettudom\u00e1nyok ter\u00fclet\u00e9n. C\u00c9LKIT\u0170Z\u00c9S\u00dcNK: [&hellip;]","og_url":"https:\/\/www.creativelab.hu\/about\/","og_site_name":"Creative Labor Kft.","article_modified_time":"2019-06-13T07:59:46+00:00","og_image":[{"width":774,"height":516,"url":"https:\/\/www.creativelab.hu\/wp-content\/uploads\/2018\/11\/pic1.jpg","type":"image\/jpeg"}],"twitter_card":"summary_large_image","twitter_misc":{"Becs\u00fclt olvas\u00e1si id\u0151":"2 perc"},"schema":{"@context":"https:\/\/schema.org","@graph":[{"@type":"WebPage","@id":"https:\/\/www.creativelab.hu\/about\/","url":"https:\/\/www.creativelab.hu\/about\/","name":"R\u00f3lunk - Creative Labor Kft.","isPartOf":{"@id":"https:\/\/www.creativelab.hu\/#website"},"primaryImageOfPage":{"@id":"https:\/\/www.creativelab.hu\/about\/#primaryimage"},"image":{"@id":"https:\/\/www.creativelab.hu\/about\/#primaryimage"},"thumbnailUrl":"https:\/\/www.creativelab.hu\/wp-content\/uploads\/2018\/11\/pic1.jpg","datePublished":"2018-11-05T23:47:34+00:00","dateModified":"2019-06-13T07:59:46+00:00","breadcrumb":{"@id":"https:\/\/www.creativelab.hu\/about\/#breadcrumb"},"inLanguage":"hu","potentialAction":[{"@type":"ReadAction","target":["https:\/\/www.creativelab.hu\/about\/"]}]},{"@type":"ImageObject","inLanguage":"hu","@id":"https:\/\/www.creativelab.hu\/about\/#primaryimage","url":"https:\/\/www.creativelab.hu\/wp-content\/uploads\/2018\/11\/pic1.jpg","contentUrl":"https:\/\/www.creativelab.hu\/wp-content\/uploads\/2018\/11\/pic1.jpg","width":774,"height":516},{"@type":"BreadcrumbList","@id":"https:\/\/www.creativelab.hu\/about\/#breadcrumb","itemListElement":[{"@type":"ListItem","position":1,"name":"Home","item":"https:\/\/www.creativelab.hu\/"},{"@type":"ListItem","position":2,"name":"R\u00f3lunk"}]},{"@type":"WebSite","@id":"https:\/\/www.creativelab.hu\/#website","url":"https:\/\/www.creativelab.hu\/","name":"Creative Labor Kft.","description":"Just another WordPress site","publisher":{"@id":"https:\/\/www.creativelab.hu\/#organization"},"potentialAction":[{"@type":"SearchAction","target":{"@type":"EntryPoint","urlTemplate":"https:\/\/www.creativelab.hu\/?s={search_term_string}"},"query-input":"required name=search_term_string"}],"inLanguage":"hu"},{"@type":"Organization","@id":"https:\/\/www.creativelab.hu\/#organization","name":"Creative Labor Kft.","url":"https:\/\/www.creativelab.hu\/","logo":{"@type":"ImageObject","inLanguage":"hu","@id":"https:\/\/www.creativelab.hu\/#\/schema\/logo\/image\/","url":"https:\/\/creativelab.hu\/wp-content\/uploads\/2023\/07\/CL_logo-copy.jpg","contentUrl":"https:\/\/creativelab.hu\/wp-content\/uploads\/2023\/07\/CL_logo-copy.jpg","width":798,"height":795,"caption":"Creative Labor Kft."},"image":{"@id":"https:\/\/www.creativelab.hu\/#\/schema\/logo\/image\/"}}]}},"_links":{"self":[{"href":"https:\/\/www.creativelab.hu\/hu\/wp-json\/wp\/v2\/pages\/29"}],"collection":[{"href":"https:\/\/www.creativelab.hu\/hu\/wp-json\/wp\/v2\/pages"}],"about":[{"href":"https:\/\/www.creativelab.hu\/hu\/wp-json\/wp\/v2\/types\/page"}],"author":[{"embeddable":true,"href":"https:\/\/www.creativelab.hu\/hu\/wp-json\/wp\/v2\/users\/1"}],"replies":[{"embeddable":true,"href":"https:\/\/www.creativelab.hu\/hu\/wp-json\/wp\/v2\/comments?post=29"}],"version-history":[{"count":15,"href":"https:\/\/www.creativelab.hu\/hu\/wp-json\/wp\/v2\/pages\/29\/revisions"}],"predecessor-version":[{"id":370,"href":"https:\/\/www.creativelab.hu\/hu\/wp-json\/wp\/v2\/pages\/29\/revisions\/370"}],"wp:featuredmedia":[{"embeddable":true,"href":"https:\/\/www.creativelab.hu\/hu\/wp-json\/wp\/v2\/media\/108"}],"wp:attachment":[{"href":"https:\/\/www.creativelab.hu\/hu\/wp-json\/wp\/v2\/media?parent=29"}],"curies":[{"name":"wp","href":"https:\/\/api.w.org\/{rel}","templated":true}]}}